{"id":233,"date":"2023-03-14T15:58:43","date_gmt":"2023-03-14T15:58:43","guid":{"rendered":"http:\/\/1acue.com\/?page_id=233"},"modified":"2024-06-27T07:47:24","modified_gmt":"2024-06-27T07:47:24","slug":"datenschutz","status":"publish","type":"page","link":"https:\/\/1acue.de\/en\/datenschutz","title":{"rendered":"Data Protection"},"content":{"rendered":"<div data-elementor-type=\"wp-page\" data-elementor-id=\"233\" class=\"elementor elementor-233\" data-elementor-post-type=\"page\">\n\t\t\t\t<div class=\"elementor-element elementor-element-a76cdfa e-flex e-con-boxed e-con e-parent\" data-id=\"a76cdfa\" data-element_type=\"container\" data-e-type=\"container\" data-settings=\"{&quot;background_background&quot;:&quot;classic&quot;}\">\n\t\t\t\t\t<div class=\"e-con-inner\">\n\t\t<div class=\"elementor-element elementor-element-f71d62c e-con-full e-flex e-con e-child\" data-id=\"f71d62c\" data-element_type=\"container\" data-e-type=\"container\">\n\t\t\t\t<div class=\"elementor-element elementor-element-aebab5f elementor-widget__width-inherit elementor-widget-divider--view-line elementor-invisible elementor-widget elementor-widget-divider\" data-id=\"aebab5f\" data-element_type=\"widget\" data-e-type=\"widget\" data-settings=\"{&quot;_animation&quot;:&quot;fadeInLeft&quot;}\" data-widget_type=\"divider.default\">\n\t\t\t\t\t\t\t<div class=\"elementor-divider\">\n\t\t\t<span class=\"elementor-divider-separator\">\n\t\t\t\t\t\t<\/span>\n\t\t<\/div>\n\t\t\t\t\t\t<\/div>\n\t\t\t\t<div class=\"elementor-element elementor-element-cf27332 elementor-widget__width-initial elementor-widget-tablet__width-inherit elementor-widget elementor-widget-heading\" data-id=\"cf27332\" data-element_type=\"widget\" data-e-type=\"widget\" data-widget_type=\"heading.default\">\n\t\t\t\t\t<h2 class=\"elementor-heading-title elementor-size-default\">Data Protection<\/h2>\t\t\t\t<\/div>\n\t\t\t\t<div class=\"elementor-element elementor-element-c873735 elementor-widget__width-initial elementor-widget-tablet__width-inherit elementor-widget elementor-widget-text-editor\" data-id=\"c873735\" data-element_type=\"widget\" data-e-type=\"widget\" data-widget_type=\"text-editor.default\">\n\t\t\t\t\t\t\t\t\t<p><strong>Informationspflicht laut \u00a7 5 TMG.<\/strong><\/p><p><strong>1A CUE Consulting &amp; Engineering GmbH,<br \/><\/strong>Amperstr. 23<br \/>D-82296 Sch\u00f6ngeising<\/p><p><strong>UID-Nummer:<\/strong>\u00a0DE292058192<br \/><strong>Register:<\/strong>\u00a0Handelsregister<br \/><strong>Registernummer:<\/strong>\u00a0HRB 206053<br \/><strong>Registergericht:<\/strong>\u00a0Amtsgericht M\u00fcnchen<\/p><p><strong>Tel.:<\/strong>\u00a0089371564490<br \/><strong>Fax:<\/strong>\u00a00893715644910<br \/><strong>E-Mail:<\/strong>\u00a0<a href=\"mailto:office@1acue.de\">office@1acue.de<\/a><\/p><p><strong>Aufsichtsbeh\u00f6rde<\/strong><br \/>Bayerisches Landesamt f\u00fcr Datenschutzaufsicht<br \/><strong>Webseite der Aufsichtsbeh\u00f6rde<\/strong><br \/><a href=\"https:\/\/www.lda.bayern.de\/de\/index.html\" target=\"_blank\" rel=\"noopener noreferrer\">https:\/\/www.lda.bayern.de\/de\/index.html<\/a><br \/><strong>Anschrift der Aufsichtsbeh\u00f6rde<\/strong><br \/>Promenade 18 91522 Ansbach Deutschland Postanschrift<\/p><p><strong>Berufsbezeichnung:<\/strong>\u00a0Ingenieurb\u00fcro f\u00fcr Systemengineering, funktionale Sicherheit und Cybersecurity<\/p><p><strong>Gesch\u00e4ftsf\u00fchrer<\/strong><br \/>Peter M\u00fcller<\/p><p>Quelle: Erstellt\u00a0mit dem\u00a0<a title=\"Impressum Generator Deutschland\" href=\"https:\/\/www.adsimple.de\/impressum-generator\/\" target=\"_blank\" rel=\"follow noopener noreferrer\">Impressum Generator<\/a>\u00a0von AdSimple\u00a0in Kooperation mit\u00a0<a href=\"https:\/\/www.slashtechnik.de\/\" target=\"_blank\" rel=\"follow noopener noreferrer\">slashtechnik.de<\/a><\/p><h2 data-fontsize=\"24\" data-lineheight=\"36\">EU Dispute Resolution<\/h2><p>In accordance with the Regulation on Online Dispute Resolution in Consumer Matters (ODR Regulation), we are required to inform you about the Online Dispute Resolution Platform (OS Platform).<br \/>Consumers can direct complaints to the European Commission\u2019s Online Dispute Resolution Platform at\u00a0<a href=\"https:\/\/ec.europa.eu\/consumers\/odr\/main\/index.cfm?event=main.home2.show&amp;lng=DE\" target=\"_blank\" rel=\"noreferrer noopener\">http:\/\/ec.europa.eu\/odr?tid=321249836.<\/a>\u00a0The necessary contact details can be found above in our legal notice.<\/p><p>Please note that we are neither willing nor obligated to participate in dispute resolution proceedings before a consumer arbitration board.<\/p><h2 data-fontsize=\"24\" data-lineheight=\"36\">Haftung f\u00fcr Inhalte dieser Website<\/h2><p>Wir entwickeln die Inhalte dieser Webseite st\u00e4ndig weiter und bem\u00fchen uns korrekte und aktuelle Informationen bereitzustellen. Laut Telemediengesetz\u00a0<a href=\"https:\/\/www.gesetze-im-internet.de\/tmg\/__7.html?tid=321249836\" target=\"_blank\" rel=\"noreferrer noopener\">(TMG) \u00a77 (1)<\/a>\u00a0sind wir als Diensteanbieter f\u00fcr eigene Informationen, die wir zur Nutzung bereitstellen, nach den allgemeinen Gesetzen verantwortlich. Leider k\u00f6nnen wir keine Haftung f\u00fcr die Korrektheit aller Inhalte auf dieser Webseite \u00fcbernehmen, speziell f\u00fcr jene die seitens Dritter bereitgestellt wurden. Als Diensteanbieter im Sinne der \u00a7\u00a7 8 bis 10 sind wir nicht verpflichtet, die von ihnen \u00fcbermittelten oder gespeicherten Informationen zu \u00fcberwachen oder nach Umst\u00e4nden zu forschen, die auf eine rechtswidrige T\u00e4tigkeit hinweisen.<\/p><p>Unsere Verpflichtungen zur Entfernung von Informationen oder zur Sperrung der Nutzung von Informationen nach den allgemeinen Gesetzen aufgrund von gerichtlichen oder beh\u00f6rdlichen Anordnungen bleiben auch im Falle unserer Nichtverantwortlichkeit nach den \u00a7\u00a7 8 bis 10 unber\u00fchrt.<\/p><p>Sollten Ihnen problematische oder rechtswidrige Inhalte auffallen, bitte wir Sie uns umgehend zu kontaktieren, damit wir die rechtswidrigen Inhalte entfernen k\u00f6nnen. Sie finden die Kontaktdaten im Impressum.<\/p><h2 data-fontsize=\"24\" data-lineheight=\"36\">Haftung f\u00fcr Links auf dieser Website<\/h2><p>Unsere Webseite enth\u00e4lt Links zu anderen Webseiten f\u00fcr deren Inhalt wir nicht verantwortlich sind. Haftung f\u00fcr verlinkte Websites besteht f\u00fcr uns nicht, da wir keine Kenntnis rechtswidriger T\u00e4tigkeiten hatten und haben, uns solche Rechtswidrigkeiten auch bisher nicht aufgefallen sind und wir Links sofort entfernen w\u00fcrden, wenn uns Rechtswidrigkeiten bekannt werden.<\/p><p>Wenn Ihnen rechtswidrige Links auf unserer Website auffallen, bitte wir Sie uns zu kontaktieren. Sie finden die Kontaktdaten im Impressum.<\/p><h2 data-fontsize=\"24\" data-lineheight=\"36\">Copyright Notice<\/h2><p>All content on this website (images, photos, texts, videos) is subject to copyright law in the Federal Republic of Germany. Please ask for our permission before distributing, reproducing, or exploiting the content of this website, such as republishing it on other websites. Unauthorized use of any part of our website\u2019s content may result in legal action.<\/p><p>If you discover any content on this website that infringes copyright, please contact us.<\/p><h2 data-fontsize=\"24\" data-lineheight=\"36\">Image Credits<\/h2><p>The images, photos, and graphics on this website are protected by copyright.<\/p><p>Image rights are held by the following photographers and companies<\/p><p><u>Homepage<\/u><\/p><ul><li>Hero: \u00a9 1A CUE Consulting &amp; Engineering<\/li><li>Video Functional Safety: \u00a9 1A CUE Consulting &amp; Engineering<\/li><li>Video Cybersecurity:    \u00a9 1A CUE Consulting &amp; Engineering<\/li><li>Video Systems Engineering:    \u00a9 1A CUE Consulting &amp; Engineering<\/li><li>Video Embedded SW Development:    \u00a9 1A CUE Consulting &amp; Engineering<\/li><li>Branch photo:    \u00a9 1A CUE Consulting &amp; Engineering<\/li><li>Team Photo:\u00a0\u00a0\u00a0 \u00a9 1A CUE Consulting &amp; Engineering<\/li><\/ul><p>\u00a0<\/p><p><u>Functional Safety Page<\/u><\/p><ul><li>Video Hero: \u00a9 1A CUE Consulting &amp; Engineering<\/li><li>V-Modell: \u00a9 1A CUE Consulting &amp; Engineering<\/li><li>Functional Safety Picture: \u00a9 1A CUE Consulting &amp; Engineering<\/li><li>Team Foto: \u00a9 1A CUE Consulting &amp; Engineering<\/li><\/ul><p>\u00a0<\/p><p><u>Cybersecurity Page<\/u><\/p><ul><li>Video Hero: \u00a9 1A CUE Consulting &amp; Engineering<\/li><li>Cybersecurity Picture 01: \u00a9 1A CUE Consulting &amp; Engineering<\/li><li>Cybersecurity Picture 02: \u00a9 1A CUE Consulting &amp; Engineering<\/li><li>Team Foto: \u00a9 1A CUE Consulting &amp; Engineering<\/li><\/ul><p>\u00a0<\/p><p><u>Systems Engineering Page<\/u><\/p><ul><li>Video Hero: \u00a9 1A CUE Consulting &amp; Engineering<\/li><li>Systems Engineering Picture 01: \u00a9 1A CUE Consulting &amp; Engineering<\/li><li>Systems Engineering Picture 02: \u00a9 1A CUE Consulting &amp; Engineering<\/li><li>Team Foto: \u00a9 1A CUE Consulting &amp; Engineering<\/li><\/ul><p>\u00a0<\/p><p><u>Embedded SW Development Page<\/u><\/p><ul><li>Video Hero: \u00a9 1A CUE Consulting &amp; Engineering<\/li><li>Embedded SW Development Picture 01: \u00a9 1A CUE Consulting &amp; Engineering<\/li><li>Embedded SW Development Picture 02: \u00a9 1A CUE Consulting &amp; Engineering<\/li><li>Team Foto: \u00a9 1A CUE Consulting &amp; Engineering<\/li><\/ul><p>\u00a0<\/p><p><u>Project Page<\/u><\/p><ul><li>Team Foto: \u00a9 1A CUE Consulting &amp; Engineering<\/li><\/ul><p>\u00a0<\/p><p><u>About us Page<\/u><\/p><ul><li>Hero Picture: \u00a9 1A CUE Consulting &amp; Engineering<\/li><li>Team Photos: \u00a9 1A CUE Consulting &amp; Engineering<\/li><li>Cluster Mechatronics &amp; Automation Logo: \u00a9 Cluster Mechatronik &amp; Automation<\/li><li>ISO Logo: \u00a9 ISO Certified Company<\/li><li>FC Business Circle Logo: \u00a9 FC Bayern Basketball Business Circle<\/li><\/ul><p>\u00a0<\/p><p><u>Career Page<\/u><\/p><ul><li>Hero Picture: \u00a9 1A CUE Consulting &amp; Engineering<\/li><li>Team Photos: \u00a9 1A CUE Consulting &amp; Engineering<\/li><\/ul><p>\u00a0<\/p><p><u>Contact Page<\/u><\/p><ul><li>Teamfoto: \u00a9 1A CUE Consulting &amp; Engineering<\/li><li>Map pictures: \u00a9 Google Maps<\/li><\/ul>\t\t\t\t\t\t\t\t<\/div>\n\t\t\t\t<\/div>\n\t\t\t\t\t<\/div>\n\t\t\t\t<\/div>\n\t\t\t\t<\/div>","protected":false},"excerpt":{"rendered":"<p>Datenschutz Informationspflicht laut \u00a7 5 TMG. 1A CUE Consulting &amp; Engineering GmbHAmperstr. 23D-82296 Sch\u00f6ngeising UID-Nummer:\u00a0DE292058192Register:\u00a0HandelsregisterRegisternummer:\u00a0HRB 206053Registergericht:\u00a0Amtsgericht M\u00fcnchen Tel.:\u00a0089371564490Fax:\u00a00893715644910E-Mail:\u00a0office@1acue.de Aufsichtsbeh\u00f6rdeBayerisches Landesamt f\u00fcr DatenschutzaufsichtWebseite der Aufsichtsbeh\u00f6rdehttps:\/\/www.lda.bayern.de\/de\/index.htmlAnschrift der Aufsichtsbeh\u00f6rdePromenade 18 91522 Ansbach Deutschland Postanschrift Berufsbezeichnung:\u00a0Ingenieurb\u00fcro f\u00fcr Systemengineering, funktionale Sicherheit und Cybersecurity Gesch\u00e4ftsf\u00fchrerPeter M\u00fcller Quelle: Erstellt\u00a0mit dem\u00a0Impressum Generator\u00a0von AdSimple\u00a0in Kooperation mit\u00a0slashtechnik.de EU-Streitschlichtung Gem\u00e4\u00df Verordnung \u00fcber Online-Streitbeilegung in Verbraucherangelegenheiten (ODR-Verordnung)&hellip;&nbsp;<a href=\"https:\/\/1acue.de\/en\/datenschutz\" rel=\"bookmark\">Read More &raquo;<span class=\"screen-reader-text\">Data Protection<\/span><\/a><\/p>","protected":false},"author":2,"featured_media":0,"parent":0,"menu_order":0,"comment_status":"closed","ping_status":"closed","template":"page-templates\/template-pagebuilder-full-width.php","meta":{"neve_meta_sidebar":"","neve_meta_container":"","neve_meta_enable_content_width":"","neve_meta_content_width":0,"neve_meta_title_alignment":"","neve_meta_author_avatar":"","neve_post_elements_order":"","neve_meta_disable_header":"","neve_meta_disable_footer":"","neve_meta_disable_title":"","footnotes":""},"class_list":["post-233","page","type-page","status-publish","hentry"],"_links":{"self":[{"href":"https:\/\/1acue.de\/en\/wp-json\/wp\/v2\/pages\/233","targetHints":{"allow":["GET"]}}],"collection":[{"href":"https:\/\/1acue.de\/en\/wp-json\/wp\/v2\/pages"}],"about":[{"href":"https:\/\/1acue.de\/en\/wp-json\/wp\/v2\/types\/page"}],"author":[{"embeddable":true,"href":"https:\/\/1acue.de\/en\/wp-json\/wp\/v2\/users\/2"}],"replies":[{"embeddable":true,"href":"https:\/\/1acue.de\/en\/wp-json\/wp\/v2\/comments?post=233"}],"version-history":[{"count":0,"href":"https:\/\/1acue.de\/en\/wp-json\/wp\/v2\/pages\/233\/revisions"}],"wp:attachment":[{"href":"https:\/\/1acue.de\/en\/wp-json\/wp\/v2\/media?parent=233"}],"curies":[{"name":"wp","href":"https:\/\/api.w.org\/{rel}","templated":true}]}}