{"id":230,"date":"2023-03-14T15:58:56","date_gmt":"2023-03-14T15:58:56","guid":{"rendered":"http:\/\/1acue.com\/?page_id=230"},"modified":"2025-01-22T15:33:08","modified_gmt":"2025-01-22T15:33:08","slug":"impressum","status":"publish","type":"page","link":"https:\/\/1acue.de\/en\/impressum","title":{"rendered":"Legal Notice"},"content":{"rendered":"<div data-elementor-type=\"wp-page\" data-elementor-id=\"230\" class=\"elementor elementor-230\" data-elementor-post-type=\"page\">\n\t\t\t\t<div class=\"elementor-element elementor-element-17d9395e e-flex e-con-boxed e-con e-parent\" data-id=\"17d9395e\" data-element_type=\"container\" data-e-type=\"container\" data-settings=\"{&quot;background_background&quot;:&quot;classic&quot;}\">\n\t\t\t\t\t<div class=\"e-con-inner\">\n\t\t<div class=\"elementor-element elementor-element-627de0c0 e-con-full e-flex e-con e-child\" data-id=\"627de0c0\" data-element_type=\"container\" data-e-type=\"container\">\n\t\t\t\t<div class=\"elementor-element elementor-element-262641a4 elementor-widget__width-inherit elementor-widget-divider--view-line elementor-invisible elementor-widget elementor-widget-divider\" data-id=\"262641a4\" data-element_type=\"widget\" data-e-type=\"widget\" data-settings=\"{&quot;_animation&quot;:&quot;fadeInLeft&quot;}\" data-widget_type=\"divider.default\">\n\t\t\t\t\t\t\t<div class=\"elementor-divider\">\n\t\t\t<span class=\"elementor-divider-separator\">\n\t\t\t\t\t\t<\/span>\n\t\t<\/div>\n\t\t\t\t\t\t<\/div>\n\t\t\t\t<div class=\"elementor-element elementor-element-563888de elementor-widget__width-initial elementor-widget-tablet__width-inherit elementor-widget elementor-widget-heading\" data-id=\"563888de\" data-element_type=\"widget\" data-e-type=\"widget\" data-widget_type=\"heading.default\">\n\t\t\t\t\t<h2 class=\"elementor-heading-title elementor-size-default\">Legal Notice<\/h2>\t\t\t\t<\/div>\n\t\t\t\t<div class=\"elementor-element elementor-element-3d395d50 elementor-widget__width-initial elementor-widget-tablet__width-inherit elementor-widget elementor-widget-text-editor\" data-id=\"3d395d50\" data-element_type=\"widget\" data-e-type=\"widget\" data-widget_type=\"text-editor.default\">\n\t\t\t\t\t\t\t\t\t<p><strong>1A CUE Consulting &amp; Engineering GmbH,<br \/><\/strong>Amperstr. 23<br \/>D-82296 Sch\u00f6ngeising<\/p><p>Phone: +49 (0) 89 \u2013 3 71 56 449 \u00a0\u2013 12 <br \/>Fax: +49 (0) 89 \u2013 3 71 56 449 \u2013 10<\/p><p>E-Mail: office@1acue.de<br \/>Website: www.1acue.de<\/p><p><strong>Managing Director:<\/strong><br \/>Peter M\u00fcller<\/p><p><strong>Commercial Register:<\/strong><br \/>Registry Court: Munich District Court<br \/>Registration Number: HRB 206053<\/p><p><strong>VAT Identification Number<\/strong><br \/>pursuant to \u00a7 27 a of the German VAT Act:  DE292058192<\/p>\t\t\t\t\t\t\t\t<\/div>\n\t\t\t\t<div class=\"elementor-element elementor-element-e125821 elementor-widget__width-initial elementor-widget-tablet__width-inherit elementor-widget elementor-widget-text-editor\" data-id=\"e125821\" data-element_type=\"widget\" data-e-type=\"widget\" data-widget_type=\"text-editor.default\">\n\t\t\t\t\t\t\t\t\t<h2>EU Dispute Resolution<\/h2>\t\t\t\t\t\t\t\t<\/div>\n\t\t\t\t<div class=\"elementor-element elementor-element-a42691f elementor-widget__width-initial elementor-widget-tablet__width-inherit elementor-widget elementor-widget-text-editor\" data-id=\"a42691f\" data-element_type=\"widget\" data-e-type=\"widget\" data-widget_type=\"text-editor.default\">\n\t\t\t\t\t\t\t\t\t<p>In accordance with the Regulation on Online Dispute Resolution in Consumer Matters (ODR Regulation), we are required to inform you about the Online Dispute Resolution Platform (OS Platform).<\/p><p><br \/>Consumers can direct complaints to the European Commission\u2019s Online Dispute Resolution Platform at\u00a0<a href=\"https:\/\/ec.europa.eu\/consumers\/odr\/main\/index.cfm?event=main.home2.show&amp;lng=DE\" target=\"_blank\" rel=\"noopener\">http:\/\/ec.europa.eu\/odr?tid=321249836.<\/a>\u00a0The necessary contact details can be found above in our legal notice.<\/p><p>Please note that we are neither willing nor obligated to participate in dispute resolution proceedings before a consumer arbitration board.<\/p>\t\t\t\t\t\t\t\t<\/div>\n\t\t\t\t<div class=\"elementor-element elementor-element-ee4d92c elementor-widget__width-initial elementor-widget-tablet__width-inherit elementor-widget elementor-widget-text-editor\" data-id=\"ee4d92c\" data-element_type=\"widget\" data-e-type=\"widget\" data-widget_type=\"text-editor.default\">\n\t\t\t\t\t\t\t\t\t<h2>Copyright Notice<\/h2>\t\t\t\t\t\t\t\t<\/div>\n\t\t\t\t<div class=\"elementor-element elementor-element-2560b61 elementor-widget__width-initial elementor-widget-tablet__width-inherit elementor-widget elementor-widget-text-editor\" data-id=\"2560b61\" data-element_type=\"widget\" data-e-type=\"widget\" data-widget_type=\"text-editor.default\">\n\t\t\t\t\t\t\t\t\t<p style=\"line-height: 18.0pt; background: white; margin: 0cm 0cm 22.5pt 0cm;\"><span lang=\"DE\" style=\"font-size: 13.0pt; font-family: Catamaran; color: #222222;\">All content on this website (images, photos, texts, videos) is subject to copyright law in the Federal Republic of Germany. Please ask for our permission before distributing, reproducing, or exploiting the content of this website, such as republishing it on other websites. Unauthorized use of any part of our website\u2019s content may result in legal action.<\/span><\/p><p style=\"line-height: 18.0pt; background: white; margin: 0cm 0cm 22.5pt 0cm;\"><span lang=\"DE\" style=\"font-size: 13.0pt; font-family: Catamaran; color: #222222;\">If you discover any content on this website that infringes copyright, please contact us.<\/span><\/p>\t\t\t\t\t\t\t\t<\/div>\n\t\t\t\t<div class=\"elementor-element elementor-element-2d42720 elementor-widget__width-initial elementor-widget-tablet__width-inherit elementor-widget elementor-widget-text-editor\" data-id=\"2d42720\" data-element_type=\"widget\" data-e-type=\"widget\" data-widget_type=\"text-editor.default\">\n\t\t\t\t\t\t\t\t\t<h2>Image Credits<\/h2>\t\t\t\t\t\t\t\t<\/div>\n\t\t\t\t<div class=\"elementor-element elementor-element-3b7aa4e elementor-widget__width-initial elementor-widget-tablet__width-inherit elementor-widget elementor-widget-text-editor\" data-id=\"3b7aa4e\" data-element_type=\"widget\" data-e-type=\"widget\" data-widget_type=\"text-editor.default\">\n\t\t\t\t\t\t\t\t\t<p>The images, photos, and graphics on this website are protected by copyright.<\/p><p>Image rights are held by the following photographers and companies<\/p><p><u>Homepage<\/u><\/p><ul><li>Hero: \u00a9 1A CUE Consulting &amp; Engineering<\/li><li>Video Functional Safety: \u00a9 1A CUE Consulting &amp; Engineering<\/li><li>Video Cybersecurity:    \u00a9 1A CUE Consulting &amp; Engineering<\/li><li>Video Systems Engineering:    \u00a9 1A CUE Consulting &amp; Engineering<\/li><li>Video Embedded SW Development:    \u00a9 1A CUE Consulting &amp; Engineering<\/li><li>Branch photo:    \u00a9 1A CUE Consulting &amp; Engineering<\/li><li>Team Photo:\u00a0\u00a0\u00a0 \u00a9 1A CUE Consulting &amp; Engineering<\/li><\/ul><p>\u00a0<\/p><p><u>Functional Safety Page<\/u><\/p><ul><li>Video Hero: \u00a9 1A CUE Consulting &amp; Engineering<\/li><li>V-Modell: \u00a9 1A CUE Consulting &amp; Engineering<\/li><li>Functional Safety Picture: \u00a9 1A CUE Consulting &amp; Engineering<\/li><li>Team Foto: \u00a9 1A CUE Consulting &amp; Engineering<\/li><\/ul><p>\u00a0<\/p><p><u>Cybersecurity Page<\/u><\/p><ul><li>Video Hero: \u00a9 1A CUE Consulting &amp; Engineering<\/li><li>Cybersecurity Picture 01: \u00a9 1A CUE Consulting &amp; Engineering<\/li><li>Cybersecurity Picture 02: \u00a9 1A CUE Consulting &amp; Engineering<\/li><li>Team Foto: \u00a9 1A CUE Consulting &amp; Engineering<\/li><\/ul><p>\u00a0<\/p><p><u>Systems Engineering Page<\/u><\/p><ul><li>Video Hero: \u00a9 1A CUE Consulting &amp; Engineering<\/li><li>Systems Engineering Picture 01: \u00a9 1A CUE Consulting &amp; Engineering<\/li><li>Systems Engineering Picture 02: \u00a9 1A CUE Consulting &amp; Engineering<\/li><li>Team Foto: \u00a9 1A CUE Consulting &amp; Engineering<\/li><\/ul><p>\u00a0<\/p><p><u>Embedded SW Development Page<\/u><\/p><ul><li>Video Hero: \u00a9 1A CUE Consulting &amp; Engineering<\/li><li>Embedded SW Development Picture 01: \u00a9 1A CUE Consulting &amp; Engineering<\/li><li>Embedded SW Development Picture 02: \u00a9 1A CUE Consulting &amp; Engineering<\/li><li>Team Foto: \u00a9 1A CUE Consulting &amp; Engineering<\/li><\/ul><p>\u00a0<\/p><p><u>Project Page<\/u><\/p><ul><li>Team Foto: \u00a9 1A CUE Consulting &amp; Engineering<\/li><\/ul><p>\u00a0<\/p><p><u>About us Page<\/u><\/p><ul><li>Hero Picture: \u00a9 1A CUE Consulting &amp; Engineering<\/li><li>Team Photos: \u00a9 1A CUE Consulting &amp; Engineering<\/li><li>Cluster Mechatronics &amp; Automation Logo: \u00a9 Cluster Mechatronik &amp; Automation<\/li><li>ISO Logo: \u00a9 ISO Certified Company<\/li><li>FC Business Circle Logo: \u00a9 FC Bayern Basketball Business Circle<\/li><\/ul><p>\u00a0<\/p><p><u>Career Page<\/u><\/p><ul><li>Hero Picture: \u00a9 1A CUE Consulting &amp; Engineering<\/li><li>Team Photos: \u00a9 1A CUE Consulting &amp; Engineering<\/li><\/ul><p>\u00a0<\/p><p><u>Contact Page<\/u><\/p><ul><li>Teamfoto: \u00a9 1A CUE Consulting &amp; Engineering<\/li><li>Map pictures: \u00a9 Google Maps<\/li><\/ul><p>\u00a0<\/p>\t\t\t\t\t\t\t\t<\/div>\n\t\t\t\t<\/div>\n\t\t\t\t\t<\/div>\n\t\t\t\t<\/div>\n\t\t\t\t<\/div>","protected":false},"excerpt":{"rendered":"<p>Impressum 1A CUE Consulting &amp; Engineering GmbHAmperstr. 23D-82296 Sch\u00f6ngeising Telefon: +49 (0) 89 \u2013 3 71 56 449 \u00a0&#8211; 12 Fax: +49 (0) 89 \u2013 3 71 56 449 \u2013 10 E-Mail: office@1acue.deWebpage: www.1acue.de Gesch\u00e4ftsf\u00fchrer:Peter M\u00fcller Handelsregister:Registergericht: Amtsgericht M\u00fcnchenRegisternummer: HRB 206053 Umsatzsteuer-Identifikationsnummergem\u00e4\u00df \u00a7 27 a Umsatzsteuergesetz: \u00a0DE292058192 EU-Streitschlichtung Gem\u00e4\u00df Verordnung \u00fcber Online-Streitbeilegung in Verbraucherangelegenheiten (ODR-Verordnung)&hellip;&nbsp;<a href=\"https:\/\/1acue.de\/en\/impressum\" rel=\"bookmark\">Read More &raquo;<span class=\"screen-reader-text\">Legal Notice<\/span><\/a><\/p>","protected":false},"author":2,"featured_media":0,"parent":0,"menu_order":0,"comment_status":"closed","ping_status":"closed","template":"page-templates\/template-pagebuilder-full-width.php","meta":{"neve_meta_sidebar":"","neve_meta_container":"","neve_meta_enable_content_width":"","neve_meta_content_width":0,"neve_meta_title_alignment":"","neve_meta_author_avatar":"","neve_post_elements_order":"","neve_meta_disable_header":"","neve_meta_disable_footer":"","neve_meta_disable_title":"","footnotes":""},"class_list":["post-230","page","type-page","status-publish","hentry"],"_links":{"self":[{"href":"https:\/\/1acue.de\/en\/wp-json\/wp\/v2\/pages\/230","targetHints":{"allow":["GET"]}}],"collection":[{"href":"https:\/\/1acue.de\/en\/wp-json\/wp\/v2\/pages"}],"about":[{"href":"https:\/\/1acue.de\/en\/wp-json\/wp\/v2\/types\/page"}],"author":[{"embeddable":true,"href":"https:\/\/1acue.de\/en\/wp-json\/wp\/v2\/users\/2"}],"replies":[{"embeddable":true,"href":"https:\/\/1acue.de\/en\/wp-json\/wp\/v2\/comments?post=230"}],"version-history":[{"count":0,"href":"https:\/\/1acue.de\/en\/wp-json\/wp\/v2\/pages\/230\/revisions"}],"wp:attachment":[{"href":"https:\/\/1acue.de\/en\/wp-json\/wp\/v2\/media?parent=230"}],"curies":[{"name":"wp","href":"https:\/\/api.w.org\/{rel}","templated":true}]}}