{"id":195,"date":"2023-03-14T15:01:01","date_gmt":"2023-03-14T15:01:01","guid":{"rendered":"http:\/\/1acue.com\/?page_id=195"},"modified":"2023-04-18T09:22:55","modified_gmt":"2023-04-18T09:22:55","slug":"cybersicherheit_ingenieur","status":"publish","type":"page","link":"https:\/\/1acue.de\/en\/cybersicherheit_ingenieur","title":{"rendered":"Karriere_Cybersicherheit_Ingenieur"},"content":{"rendered":"<div data-elementor-type=\"wp-page\" data-elementor-id=\"195\" class=\"elementor elementor-195\" data-elementor-post-type=\"page\">\n\t\t\t\t\t\t<section class=\"elementor-section elementor-top-section elementor-element elementor-element-11ea9d4a elementor-section-full_width elementor-section-height-min-height elementor-section-items-stretch elementor-section-content-middle elementor-reverse-mobile elementor-reverse-tablet elementor-section-height-default\" data-id=\"11ea9d4a\" data-element_type=\"section\" data-e-type=\"section\" data-settings=\"{&quot;background_background&quot;:&quot;classic&quot;}\">\n\t\t\t\t\t\t\t<div class=\"elementor-background-overlay\"><\/div>\n\t\t\t\t\t\t\t<div class=\"elementor-container elementor-column-gap-no\">\n\t\t\t\t\t<div class=\"elementor-column elementor-col-100 elementor-top-column elementor-element elementor-element-396ca246\" data-id=\"396ca246\" data-element_type=\"column\" data-e-type=\"column\">\n\t\t\t<div class=\"elementor-widget-wrap elementor-element-populated\">\n\t\t\t\t\t\t<div class=\"elementor-element elementor-element-23be5feb elementor-view-stacked elementor-shape-square elementor-absolute elementor-widget__width-auto elementor-invisible elementor-widget elementor-widget-icon\" data-id=\"23be5feb\" data-element_type=\"widget\" data-e-type=\"widget\" data-settings=\"{&quot;_position&quot;:&quot;absolute&quot;,&quot;_animation&quot;:&quot;fadeInDown&quot;,&quot;_animation_delay&quot;:500}\" data-widget_type=\"icon.default\">\n\t\t\t\t\t\t\t<div class=\"elementor-icon-wrapper\">\n\t\t\t<a class=\"elementor-icon\" href=\"#hero_down\">\n\t\t\t\t\t\t<\/a>\n\t\t<\/div>\n\t\t\t\t\t\t<\/div>\n\t\t\t\t\t<\/div>\n\t\t<\/div>\n\t\t\t\t\t<\/div>\n\t\t<\/section>\n\t\t\t\t<section class=\"elementor-section elementor-top-section elementor-element elementor-element-bbb3f5a elementor-section-content-middle elementor-section-boxed elementor-section-height-default elementor-section-height-default\" data-id=\"bbb3f5a\" data-element_type=\"section\" data-e-type=\"section\" id=\"hero_down\" data-settings=\"{&quot;background_background&quot;:&quot;classic&quot;}\">\n\t\t\t\t\t\t<div class=\"elementor-container elementor-column-gap-no\">\n\t\t\t\t\t<div class=\"elementor-column elementor-col-100 elementor-top-column elementor-element elementor-element-3ff8cb6e\" data-id=\"3ff8cb6e\" data-element_type=\"column\" data-e-type=\"column\">\n\t\t\t<div class=\"elementor-widget-wrap elementor-element-populated\">\n\t\t\t\t\t\t<section class=\"elementor-section elementor-inner-section elementor-element elementor-element-d03cd37 elementor-section-boxed elementor-section-height-default elementor-section-height-default\" data-id=\"d03cd37\" data-element_type=\"section\" data-e-type=\"section\">\n\t\t\t\t\t\t<div class=\"elementor-container elementor-column-gap-default\">\n\t\t\t\t\t<div class=\"elementor-column elementor-col-50 elementor-inner-column elementor-element elementor-element-4a478ac\" data-id=\"4a478ac\" data-element_type=\"column\" data-e-type=\"column\">\n\t\t\t<div class=\"elementor-widget-wrap\">\n\t\t\t\t\t\t\t<\/div>\n\t\t<\/div>\n\t\t\t\t<div class=\"elementor-column elementor-col-50 elementor-inner-column elementor-element elementor-element-6c384b5\" data-id=\"6c384b5\" data-element_type=\"column\" data-e-type=\"column\">\n\t\t\t<div class=\"elementor-widget-wrap elementor-element-populated\">\n\t\t\t\t\t\t<div class=\"elementor-element elementor-element-71ca1fe elementor-widget elementor-widget-heading\" data-id=\"71ca1fe\" data-element_type=\"widget\" data-e-type=\"widget\" data-widget_type=\"heading.default\">\n\t\t\t\t\t<h2 class=\"elementor-heading-title elementor-size-default\">Standort | M\u00fcnchen<\/h2>\t\t\t\t<\/div>\n\t\t\t\t\t<\/div>\n\t\t<\/div>\n\t\t\t\t\t<\/div>\n\t\t<\/section>\n\t\t\t\t<div class=\"elementor-element elementor-element-4cf6f6ae animated-fast elementor-invisible elementor-widget elementor-widget-heading\" data-id=\"4cf6f6ae\" data-element_type=\"widget\" data-e-type=\"widget\" data-settings=\"{&quot;_animation&quot;:&quot;fadeIn&quot;}\" data-widget_type=\"heading.default\">\n\t\t\t\t\t<h2 class=\"elementor-heading-title elementor-size-default\">Cybersecurity <span style=\"color: #269cce\">Ingenieur<\/span><\/h2>\t\t\t\t<\/div>\n\t\t\t\t<div class=\"elementor-element elementor-element-7f39452a elementor-widget elementor-widget-text-editor\" data-id=\"7f39452a\" data-element_type=\"widget\" data-e-type=\"widget\" data-widget_type=\"text-editor.default\">\n\t\t\t\t\t\t\t\t\t<p>Im Rahmen einer innovativen und abwechslungsreichen T\u00e4tigkeit bieten wir Ihnen die M\u00f6glichkeit, die Zukunft des hochautomatisierten Fahrens mitzugestalten. Hierf\u00fcr entwickeln Sie als Fachexperte des Systems Engineerings in Zusammenarbeit mit Ihrem Team und unseren Kunden L\u00f6sungen f\u00fcr alle systemrelevanten Fragestellungen. Ihr Aufgabenspektrum reicht dabei vom Anforderungsmanagement \u00fcber die Modellierung von Systemarchitekturen bis hin zu deren Verifizierung und Validierung. Werden Sie Teil unseres Teams am Standort M\u00fcnchen und machen Sie <br \/>gemeinsam mit uns den Unterschied<\/p>\t\t\t\t\t\t\t\t<\/div>\n\t\t\t\t<div class=\"elementor-element elementor-element-c5256b1 elementor-widget elementor-widget-heading\" data-id=\"c5256b1\" data-element_type=\"widget\" data-e-type=\"widget\" data-widget_type=\"heading.default\">\n\t\t\t\t\t<h2 class=\"elementor-heading-title elementor-size-default\">Ihr Aufgabfeld:<\/h2>\t\t\t\t<\/div>\n\t\t\t\t<div class=\"elementor-element elementor-element-fc044fb elementor-widget elementor-widget-text-editor\" data-id=\"fc044fb\" data-element_type=\"widget\" data-e-type=\"widget\" data-widget_type=\"text-editor.default\">\n\t\t\t\t\t\t\t\t\t<ul><li>Selbstst\u00e4ndige Beratung unserer Kunden als Systemingenieur\/in<\/li><li>Analyse und Konzeption von technisch komplexen Produkten in Absprache mit unseren Kunden<\/li><li>Modellierung von innovativen Systemarchitekturen unter Ber\u00fccksichtigung aktueller Normen und Standards inkl. deren Dokumentation<\/li><li>\u00dcberpr\u00fcfung der Implementierung mit Hilfe von Systemanalysen und Tests<\/li><li>Impulsgeber zur Optimierung vorhandener Systemdesigns<\/li><li>Enge Zusammenarbeit mit Testmanagement und Funktionale Sicherheit<\/li><\/ul>\t\t\t\t\t\t\t\t<\/div>\n\t\t\t\t<div class=\"elementor-element elementor-element-a708a1e elementor-widget elementor-widget-heading\" data-id=\"a708a1e\" data-element_type=\"widget\" data-e-type=\"widget\" data-widget_type=\"heading.default\">\n\t\t\t\t\t<h2 class=\"elementor-heading-title elementor-size-default\">Ihr Arbeitsumfeld: <\/h2>\t\t\t\t<\/div>\n\t\t\t\t<div class=\"elementor-element elementor-element-a8c5668 elementor-widget elementor-widget-text-editor\" data-id=\"a8c5668\" data-element_type=\"widget\" data-e-type=\"widget\" data-widget_type=\"text-editor.default\">\n\t\t\t\t\t\t\t\t\t<ul><li>Ein innovatives und zukunftsrelevantes Themengebiet<\/li><li>Ein junges und dynamisches Expertenteam, das Sie jederzeit unterst\u00fctzt<\/li><li>Ein Einarbeitungsprogramm und eine individuelle Betreuung durch einen<br \/>Mentor<\/li><li>Eine eigenverantwortliche und anspruchsvolle Projektarbeit<\/li><li>Excellent development opportunities<\/li><li>Flexible Arbeitszeiten<\/li><\/ul>\t\t\t\t\t\t\t\t<\/div>\n\t\t\t\t<div class=\"elementor-element elementor-element-54fb1a7 elementor-widget elementor-widget-heading\" data-id=\"54fb1a7\" data-element_type=\"widget\" data-e-type=\"widget\" data-widget_type=\"heading.default\">\n\t\t\t\t\t<h2 class=\"elementor-heading-title elementor-size-default\">Ihre Qualifikationen:<\/h2>\t\t\t\t<\/div>\n\t\t\t\t<div class=\"elementor-element elementor-element-4272fe6 elementor-widget elementor-widget-text-editor\" data-id=\"4272fe6\" data-element_type=\"widget\" data-e-type=\"widget\" data-widget_type=\"text-editor.default\">\n\t\t\t\t\t\t\t\t\t<ul><li>Abgeschlossenes ingenieur- bzw. naturwissenschaftliches Studium<\/li><li>Kenntnisse (sicherheitsgerichteter) Entwicklungsprozess Automotive<\/li><li>Vertraut im Umgang mit Tools und Methoden des Systems Engineerings<\/li><li>Erfahrung in der Erstellung von Systemanalysen (z.B. FMEA, FTA)<\/li><li>Teamorientierung, sowie strukturierte und eigenverantwortliche Arbeitsweise<\/li><\/ul>\t\t\t\t\t\t\t\t<\/div>\n\t\t\t\t<section class=\"elementor-section elementor-inner-section elementor-element elementor-element-7611c28 elementor-section-boxed elementor-section-height-default elementor-section-height-default\" data-id=\"7611c28\" data-element_type=\"section\" data-e-type=\"section\">\n\t\t\t\t\t\t<div class=\"elementor-container elementor-column-gap-default\">\n\t\t\t\t\t<div class=\"elementor-column elementor-col-50 elementor-inner-column elementor-element elementor-element-a800423\" data-id=\"a800423\" data-element_type=\"column\" data-e-type=\"column\">\n\t\t\t<div class=\"elementor-widget-wrap elementor-element-populated\">\n\t\t\t\t\t\t<div class=\"elementor-element elementor-element-3e215ce7 elementor-align-left elementor-widget__width-initial elementor-widget elementor-widget-button\" data-id=\"3e215ce7\" data-element_type=\"widget\" data-e-type=\"widget\" data-widget_type=\"button.default\">\n\t\t\t\t\t\t\t\t\t\t<a class=\"elementor-button elementor-button-link elementor-size-sm\" href=\"mailto:office@1acue.de?subject=Cybersicherheit%20Ingenieur%20Bewerbung\">\n\t\t\t\t\t\t<span class=\"elementor-button-content-wrapper\">\n\t\t\t\t\t\t\t\t\t<span class=\"elementor-button-text\">Bewerben<\/span>\n\t\t\t\t\t<\/span>\n\t\t\t\t\t<\/a>\n\t\t\t\t\t\t\t\t<\/div>\n\t\t\t\t\t<\/div>\n\t\t<\/div>\n\t\t\t\t<div class=\"elementor-column elementor-col-50 elementor-inner-column elementor-element elementor-element-f3aac94\" data-id=\"f3aac94\" data-element_type=\"column\" data-e-type=\"column\">\n\t\t\t<div class=\"elementor-widget-wrap elementor-element-populated\">\n\t\t\t\t\t\t<div class=\"elementor-element elementor-element-03a3d0b elementor-align-left elementor-widget elementor-widget-button\" data-id=\"03a3d0b\" data-element_type=\"widget\" data-e-type=\"widget\" data-widget_type=\"button.default\">\n\t\t\t\t\t\t\t\t\t\t<a class=\"elementor-button elementor-button-link elementor-size-sm\" href=\"http:\/\/1acue.com\/wp-content\/uploads\/2023\/04\/Cybersicherheit_Ingenieur_Deutsch.pdf\" target=\"_blank\" rel=\"noopener\">\n\t\t\t\t\t\t<span class=\"elementor-button-content-wrapper\">\n\t\t\t\t\t\t<span class=\"elementor-button-icon\">\n\t\t\t\t<svg aria-hidden=\"true\" class=\"e-font-icon-svg e-fas-file-download\" viewbox=\"0 0 384 512\" xmlns=\"http:\/\/www.w3.org\/2000\/svg\"><path d=\"M224 136V0H24C10.7 0 0 10.7 0 24v464c0 13.3 10.7 24 24 24h336c13.3 0 24-10.7 24-24V160H248c-13.2 0-24-10.8-24-24zm76.45 211.36l-96.42 95.7c-6.65 6.61-17.39 6.61-24.04 0l-96.42-95.7C73.42 337.29 80.54 320 94.82 320H160v-80c0-8.84 7.16-16 16-16h32c8.84 0 16 7.16 16 16v80h65.18c14.28 0 21.4 17.29 11.27 27.36zM377 105L279.1 7c-4.5-4.5-10.6-7-17-7H256v128h128v-6.1c0-6.3-2.5-12.4-7-16.9z\"><\/path><\/svg>\t\t\t<\/span>\n\t\t\t\t\t\t\t\t\t<span class=\"elementor-button-text\">PDF <\/span>\n\t\t\t\t\t<\/span>\n\t\t\t\t\t<\/a>\n\t\t\t\t\t\t\t\t<\/div>\n\t\t\t\t\t<\/div>\n\t\t<\/div>\n\t\t\t\t\t<\/div>\n\t\t<\/section>\n\t\t\t\t\t<\/div>\n\t\t<\/div>\n\t\t\t\t\t<\/div>\n\t\t<\/section>\n\t\t\t\t<\/div>","protected":false},"excerpt":{"rendered":"<p>Standort | M\u00fcnchen Cybersicherheit Ingenieur Im Rahmen einer innovativen und abwechslungsreichen T\u00e4tigkeit bieten wir Ihnen die M\u00f6glichkeit, die Zukunft des hochautomatisierten Fahrens mitzugestalten. Hierf\u00fcr entwickeln Sie als Fachexperte des Systems Engineerings in Zusammenarbeit mit Ihrem Team und unseren Kunden L\u00f6sungen f\u00fcr alle systemrelevanten Fragestellungen. Ihr Aufgabenspektrum reicht dabei vom Anforderungsmanagement \u00fcber die Modellierung von Systemarchitekturen&hellip;&nbsp;<a href=\"https:\/\/1acue.de\/en\/cybersicherheit_ingenieur\" rel=\"bookmark\">Read More &raquo;<span class=\"screen-reader-text\">Karriere_Cybersicherheit_Ingenieur<\/span><\/a><\/p>","protected":false},"author":2,"featured_media":0,"parent":0,"menu_order":0,"comment_status":"closed","ping_status":"closed","template":"page-templates\/template-pagebuilder-full-width.php","meta":{"neve_meta_sidebar":"","neve_meta_container":"","neve_meta_enable_content_width":"","neve_meta_content_width":0,"neve_meta_title_alignment":"","neve_meta_author_avatar":"","neve_post_elements_order":"","neve_meta_disable_header":"","neve_meta_disable_footer":"","neve_meta_disable_title":"","footnotes":""},"class_list":["post-195","page","type-page","status-publish","hentry"],"_links":{"self":[{"href":"https:\/\/1acue.de\/en\/wp-json\/wp\/v2\/pages\/195","targetHints":{"allow":["GET"]}}],"collection":[{"href":"https:\/\/1acue.de\/en\/wp-json\/wp\/v2\/pages"}],"about":[{"href":"https:\/\/1acue.de\/en\/wp-json\/wp\/v2\/types\/page"}],"author":[{"embeddable":true,"href":"https:\/\/1acue.de\/en\/wp-json\/wp\/v2\/users\/2"}],"replies":[{"embeddable":true,"href":"https:\/\/1acue.de\/en\/wp-json\/wp\/v2\/comments?post=195"}],"version-history":[{"count":0,"href":"https:\/\/1acue.de\/en\/wp-json\/wp\/v2\/pages\/195\/revisions"}],"wp:attachment":[{"href":"https:\/\/1acue.de\/en\/wp-json\/wp\/v2\/media?parent=195"}],"curies":[{"name":"wp","href":"https:\/\/api.w.org\/{rel}","templated":true}]}}