{"id":104,"date":"2023-03-09T13:09:17","date_gmt":"2023-03-09T13:09:17","guid":{"rendered":"http:\/\/1acue.com\/?page_id=104"},"modified":"2023-11-28T09:23:37","modified_gmt":"2023-11-28T09:23:37","slug":"innovation","status":"publish","type":"page","link":"https:\/\/1acue.de\/en\/innovation","title":{"rendered":"Innovation-Consulting"},"content":{"rendered":"<div data-elementor-type=\"wp-page\" data-elementor-id=\"104\" class=\"elementor elementor-104\" data-elementor-post-type=\"page\">\n\t\t\t\t<div class=\"elementor-element elementor-element-c59bf18 e-flex e-con-boxed e-con e-parent\" data-id=\"c59bf18\" data-element_type=\"container\" data-e-type=\"container\" data-settings=\"{&quot;background_background&quot;:&quot;classic&quot;}\">\n\t\t\t\t\t<div class=\"e-con-inner\">\n\t\t\t\t<div class=\"elementor-element elementor-element-660510e7 elementor-widget__width-initial elementor-widget elementor-widget-heading\" data-id=\"660510e7\" data-element_type=\"widget\" data-e-type=\"widget\" data-widget_type=\"heading.default\">\n\t\t\t\t\t<h1 class=\"elementor-heading-title elementor-size-default\">Innovation<\/h1>\t\t\t\t<\/div>\n\t\t\t\t\t<\/div>\n\t\t\t\t<\/div>\n\t\t<div class=\"elementor-element elementor-element-5a2bd0ed e-flex e-con-boxed e-con e-parent\" data-id=\"5a2bd0ed\" data-element_type=\"container\" data-e-type=\"container\">\n\t\t\t\t\t<div class=\"e-con-inner\">\n\t\t<div class=\"elementor-element elementor-element-19b9d66e e-con-full e-flex e-con e-child\" data-id=\"19b9d66e\" data-element_type=\"container\" data-e-type=\"container\">\n\t\t\t\t<div class=\"elementor-element elementor-element-276a76cd elementor-widget elementor-widget-heading\" data-id=\"276a76cd\" data-element_type=\"widget\" data-e-type=\"widget\" data-widget_type=\"heading.default\">\n\t\t\t\t\t<h2 class=\"elementor-heading-title elementor-size-default\">\nHier kommt der Titel f\u00fcr <br>\u00dcbersicht Innovation<\/h2>\t\t\t\t<\/div>\n\t\t\t\t<div class=\"elementor-element elementor-element-3f005c9a elementor-widget elementor-widget-text-editor\" data-id=\"3f005c9a\" data-element_type=\"widget\" data-e-type=\"widget\" data-widget_type=\"text-editor.default\">\n\t\t\t\t\t\t\t\t\t<p><strong>Dies ist ein Beispieltext f\u00fcr Innovation<\/strong>: Lorem ipsum dolor sit amet, consectetur adipiscing elit, sed do eiusmod tempor incididunt ut labore et dolore magna aliqua. Pellentesque dignissim enim sit amet venenatis urna cursus eget nunc. Pretium vulputate sapien nec sagittis. Tincidunt arcu non sodales neque sodales ut etiam. Id aliquet lectus proin nibh nisl condimentum id. Nisi scelerisque eu ultrices vitae. Lorem donec massa sapien faucibus et molestie ac feugiat. Sed arcu non odio euismod lacinia at quis risus. Morbi tristique senectus et netus et malesuada fames ac. Turpis massa tincidunt dui ut ornare lectus sit amet. Eu volutpat odio facilisis mauris sit.\u00a0<\/p>\t\t\t\t\t\t\t\t<\/div>\n\t\t\t\t<\/div>\n\t\t\t\t\t<\/div>\n\t\t\t\t<\/div>\n\t\t<div class=\"elementor-element elementor-element-3b0616da e-flex e-con-boxed e-con e-parent\" data-id=\"3b0616da\" data-element_type=\"container\" data-e-type=\"container\" data-settings=\"{&quot;background_background&quot;:&quot;classic&quot;}\">\n\t\t\t\t\t<div class=\"e-con-inner\">\n\t\t<div class=\"elementor-element elementor-element-24e09e01 e-con-full e-flex e-con e-child\" data-id=\"24e09e01\" data-element_type=\"container\" data-e-type=\"container\">\n\t\t\t\t<div class=\"elementor-element elementor-element-2d10bdec animated-slow elementor-invisible elementor-widget elementor-widget-heading\" data-id=\"2d10bdec\" data-element_type=\"widget\" data-e-type=\"widget\" data-settings=\"{&quot;_animation&quot;:&quot;slideInUp&quot;}\" data-widget_type=\"heading.default\">\n\t\t\t\t\t<h2 class=\"elementor-heading-title elementor-size-default\">Innovation at its best mit unserem Expertenwissen<\/h2>\t\t\t\t<\/div>\n\t\t\t\t<\/div>\n\t\t<div class=\"elementor-element elementor-element-166ca628 e-con-full e-flex e-con e-child\" data-id=\"166ca628\" data-element_type=\"container\" data-e-type=\"container\">\n\t\t<div class=\"elementor-element elementor-element-763cbf33 animated-slow e-con-full e-flex elementor-invisible e-con e-child\" data-id=\"763cbf33\" data-element_type=\"container\" data-e-type=\"container\" data-settings=\"{&quot;animation&quot;:&quot;fadeInUp&quot;,&quot;animation_delay&quot;:150}\">\n\t\t\t\t<div class=\"elementor-element elementor-element-31e36e8e elementor-widget elementor-widget-heading\" data-id=\"31e36e8e\" data-element_type=\"widget\" data-e-type=\"widget\" data-widget_type=\"heading.default\">\n\t\t\t\t\t<h2 class=\"elementor-heading-title elementor-size-default\">Ideen -und Wissengenerierung<\/h2>\t\t\t\t<\/div>\n\t\t\t\t<div class=\"elementor-element elementor-element-1259a0a3 elementor-widget elementor-widget-text-editor\" data-id=\"1259a0a3\" data-element_type=\"widget\" data-e-type=\"widget\" data-widget_type=\"text-editor.default\">\n\t\t\t\t\t\t\t\t\t<p><strong>Dies ist ein Beispieltext f\u00fcr Ideen -und Wissengenerierung<\/strong>: Lorem ipsum dolor sit amet, consectetur adipiscing elit, sed do eiusmod tempor incididunt ut labore et dolore magna aliqua. Pellentesque dignissim enim.<\/p>\t\t\t\t\t\t\t\t<\/div>\n\t\t\t\t<\/div>\n\t\t<div class=\"elementor-element elementor-element-7f0103f7 animated-slow e-con-full e-flex elementor-invisible e-con e-child\" data-id=\"7f0103f7\" data-element_type=\"container\" data-e-type=\"container\" data-settings=\"{&quot;animation&quot;:&quot;fadeInUp&quot;,&quot;animation_delay&quot;:150}\">\n\t\t\t\t<div class=\"elementor-element elementor-element-289487b0 elementor-widget elementor-widget-heading\" data-id=\"289487b0\" data-element_type=\"widget\" data-e-type=\"widget\" data-widget_type=\"heading.default\">\n\t\t\t\t\t<h2 class=\"elementor-heading-title elementor-size-default\">L\u00f6sungen f\u00fcr Methoden, Prozesse<\/h2>\t\t\t\t<\/div>\n\t\t\t\t<div class=\"elementor-element elementor-element-584b4853 elementor-widget elementor-widget-text-editor\" data-id=\"584b4853\" data-element_type=\"widget\" data-e-type=\"widget\" data-widget_type=\"text-editor.default\">\n\t\t\t\t\t\t\t\t\t<p><strong>Dies ist ein Beispieltext f\u00fcr L\u00f6sungen f\u00fcr Methoden, Prozesse<\/strong>: Lorem ipsum dolor sit amet, consectetur adipiscing elit, sed do eiusmod tempor incididunt ut labore et dolore magna aliqua. Pellentesque dignissim enim.<\/p>\t\t\t\t\t\t\t\t<\/div>\n\t\t\t\t<\/div>\n\t\t<div class=\"elementor-element elementor-element-5252f1e6 animated-slow e-con-full e-flex elementor-invisible e-con e-child\" data-id=\"5252f1e6\" data-element_type=\"container\" data-e-type=\"container\" data-settings=\"{&quot;animation&quot;:&quot;fadeInUp&quot;,&quot;animation_delay&quot;:150}\">\n\t\t\t\t<div class=\"elementor-element elementor-element-a992148 elementor-widget elementor-widget-heading\" data-id=\"a992148\" data-element_type=\"widget\" data-e-type=\"widget\" data-widget_type=\"heading.default\">\n\t\t\t\t\t<h2 class=\"elementor-heading-title elementor-size-default\">Wissentransfer<\/h2>\t\t\t\t<\/div>\n\t\t\t\t<div class=\"elementor-element elementor-element-1e697b95 elementor-widget elementor-widget-text-editor\" data-id=\"1e697b95\" data-element_type=\"widget\" data-e-type=\"widget\" data-widget_type=\"text-editor.default\">\n\t\t\t\t\t\t\t\t\t<p><strong>Dies ist ein Beispieltext f\u00fcr Wissentransfer<\/strong>: Lorem ipsum dolor sit amet, consectetur adipiscing elit, sed do eiusmod tempor incididunt ut labore et dolore magna aliqua. Pellentesque dignissim enim.<\/p>\t\t\t\t\t\t\t\t<\/div>\n\t\t\t\t<\/div>\n\t\t\t\t<\/div>\n\t\t\t\t\t<\/div>\n\t\t\t\t<\/div>\n\t\t<div class=\"elementor-element elementor-element-4ce3a396 e-flex e-con-boxed e-con e-parent\" data-id=\"4ce3a396\" data-element_type=\"container\" data-e-type=\"container\">\n\t\t\t\t\t<div class=\"e-con-inner\">\n\t\t<div class=\"elementor-element elementor-element-3d25ced2 e-con-full e-flex e-con e-child\" data-id=\"3d25ced2\" data-element_type=\"container\" data-e-type=\"container\">\n\t\t\t\t<div class=\"elementor-element elementor-element-588ab436 elementor-widget elementor-widget-heading\" data-id=\"588ab436\" data-element_type=\"widget\" data-e-type=\"widget\" data-widget_type=\"heading.default\">\n\t\t\t\t\t<h2 class=\"elementor-heading-title elementor-size-default\">N\u00fctzliches Wissen \u2028zu Mediationen<\/h2>\t\t\t\t<\/div>\n\t\t\t\t<\/div>\n\t\t<div class=\"elementor-element elementor-element-11d41b77 e-con-full e-flex e-con e-child\" data-id=\"11d41b77\" data-element_type=\"container\" data-e-type=\"container\">\n\t\t<div class=\"elementor-element elementor-element-5e9296bd e-flex e-con-boxed e-con e-child\" data-id=\"5e9296bd\" data-element_type=\"container\" data-e-type=\"container\">\n\t\t\t\t\t<div class=\"e-con-inner\">\n\t\t\t\t<div class=\"elementor-element elementor-element-35a1ed68 elementor-widget elementor-widget-toggle\" data-id=\"35a1ed68\" data-element_type=\"widget\" data-e-type=\"widget\" data-widget_type=\"toggle.default\">\n\t\t\t\t\t\t\t<div class=\"elementor-toggle\">\n\t\t\t\t\t\t\t<div class=\"elementor-toggle-item\">\n\t\t\t\t\t<h3 id=\"elementor-tab-title-8991\" class=\"elementor-tab-title\" data-tab=\"1\" role=\"button\" aria-controls=\"elementor-tab-content-8991\" aria-expanded=\"false\">\n\t\t\t\t\t\t\t\t\t\t\t\t<span class=\"elementor-toggle-icon elementor-toggle-icon-left\" aria-hidden=\"true\">\n\t\t\t\t\t\t\t\t\t\t\t\t\t\t\t<span class=\"elementor-toggle-icon-closed\"><svg xmlns=\"http:\/\/www.w3.org\/2000\/svg\" id=\"Ebene_1\" viewbox=\"0 0 15 14.84\"><defs><style>.cls-1{stroke:#000;stroke-miterlimit:10;}<\/style><\/defs><g id=\"F_-_335_Add_new_plus\"><path class=\"cls-1\" d=\"m14.17,7.12h-6.4V.8c0-.16-.14-.3-.3-.3s-.3.14-.3.3v6.32H.8c-.16,0-.3.14-.3.3s.14.3.3.3h6.4v6.32c0,.16.14.3.3.3s.3-.14.3-.3v-6.35h6.4c.16,0,.3-.14.3-.3-.05-.16-.19-.28-.33-.28Z\"><\/path><\/g><\/svg><\/span>\n\t\t\t\t\t\t\t\t<span class=\"elementor-toggle-icon-opened\"><svg xmlns=\"http:\/\/www.w3.org\/2000\/svg\" id=\"Ebene_2\" viewbox=\"0 0 20 20\"><defs><style>.cls-1{stroke-width:0px;}<\/style><\/defs><g id=\"F_-_334_Minus_subtract\"><path class=\"cls-1\" d=\"m16.71,10.21H3.75c-.16,0-.29.12-.29.26s.14.26.29.26h12.95c.16,0,.29-.12.29-.26-.02-.16-.16-.26-.29-.26Z\"><\/path><\/g><\/svg><\/span>\n\t\t\t\t\t\t\t\t\t\t\t\t\t<\/span>\n\t\t\t\t\t\t\t\t\t\t\t\t<a class=\"elementor-toggle-title\" tabindex=\"0\">Wann wird eine Mediation sinnvoll?<\/a>\n\t\t\t\t\t<\/h3>\n\n\t\t\t\t\t<div id=\"elementor-tab-content-8991\" class=\"elementor-tab-content elementor-clearfix\" data-tab=\"1\" role=\"region\" aria-labelledby=\"elementor-tab-title-8991\"><p>Au\u00dfergerichtliche Streitbeilegung gewinnt in Deutschland zunehmend an Bedeutung. Doch wann ist eine Mediation sinnvoll? Grunds\u00e4tzlich ist eine Mediation dann das geeignete Verfahren, wenn\u00a0<strong>alle Konfliktparteien<\/strong>\u00a0bereit sind, eine\u00a0<strong>selbstbestimmte L\u00f6sung<\/strong>\u00a0ihres Konflikts mit unterst\u00fctzender Hilfe eines Dritten zu suchen. Das ist insbesondere dann angezeigt, wenn die Parteien auch noch in Zukunft miteinander zu tun haben werden.<\/p><\/div>\n\t\t\t\t<\/div>\n\t\t\t\t\t\t\t<div class=\"elementor-toggle-item\">\n\t\t\t\t\t<h3 id=\"elementor-tab-title-8992\" class=\"elementor-tab-title\" data-tab=\"2\" role=\"button\" aria-controls=\"elementor-tab-content-8992\" aria-expanded=\"false\">\n\t\t\t\t\t\t\t\t\t\t\t\t<span class=\"elementor-toggle-icon elementor-toggle-icon-left\" aria-hidden=\"true\">\n\t\t\t\t\t\t\t\t\t\t\t\t\t\t\t<span class=\"elementor-toggle-icon-closed\"><svg xmlns=\"http:\/\/www.w3.org\/2000\/svg\" id=\"Ebene_1\" viewbox=\"0 0 15 14.84\"><defs><style>.cls-1{stroke:#000;stroke-miterlimit:10;}<\/style><\/defs><g id=\"F_-_335_Add_new_plus\"><path class=\"cls-1\" d=\"m14.17,7.12h-6.4V.8c0-.16-.14-.3-.3-.3s-.3.14-.3.3v6.32H.8c-.16,0-.3.14-.3.3s.14.3.3.3h6.4v6.32c0,.16.14.3.3.3s.3-.14.3-.3v-6.35h6.4c.16,0,.3-.14.3-.3-.05-.16-.19-.28-.33-.28Z\"><\/path><\/g><\/svg><\/span>\n\t\t\t\t\t\t\t\t<span class=\"elementor-toggle-icon-opened\"><svg xmlns=\"http:\/\/www.w3.org\/2000\/svg\" id=\"Ebene_2\" viewbox=\"0 0 20 20\"><defs><style>.cls-1{stroke-width:0px;}<\/style><\/defs><g id=\"F_-_334_Minus_subtract\"><path class=\"cls-1\" d=\"m16.71,10.21H3.75c-.16,0-.29.12-.29.26s.14.26.29.26h12.95c.16,0,.29-.12.29-.26-.02-.16-.16-.26-.29-.26Z\"><\/path><\/g><\/svg><\/span>\n\t\t\t\t\t\t\t\t\t\t\t\t\t<\/span>\n\t\t\t\t\t\t\t\t\t\t\t\t<a class=\"elementor-toggle-title\" tabindex=\"0\">F\u00fcr wen ist Mediation geeignet?<\/a>\n\t\t\t\t\t<\/h3>\n\n\t\t\t\t\t<div id=\"elementor-tab-content-8992\" class=\"elementor-tab-content elementor-clearfix\" data-tab=\"2\" role=\"region\" aria-labelledby=\"elementor-tab-title-8992\"><p>Lorem ipsum dolor sit amet, consetetur sadipscing elitr, sed diam nonumy eirmod tempor invidunt ut labore et dolore magna aliquyam erat, sed diam voluptua. At vero eos et accusam et justo duo dolores et ea rebum. Stet clita kasd gubergren, no sea takimata sanctus est Lorem ipsum dolor sit amet. Lorem ipsum dolor sit amet, consetetur sadipscing elitr, sed diam nonumy eirmod tempor invidunt ut labore et dolore magna aliquyam erat, sed diam voluptua.<\/p><\/div>\n\t\t\t\t<\/div>\n\t\t\t\t\t\t\t<div class=\"elementor-toggle-item\">\n\t\t\t\t\t<h3 id=\"elementor-tab-title-8993\" class=\"elementor-tab-title\" data-tab=\"3\" role=\"button\" aria-controls=\"elementor-tab-content-8993\" aria-expanded=\"false\">\n\t\t\t\t\t\t\t\t\t\t\t\t<span class=\"elementor-toggle-icon elementor-toggle-icon-left\" aria-hidden=\"true\">\n\t\t\t\t\t\t\t\t\t\t\t\t\t\t\t<span class=\"elementor-toggle-icon-closed\"><svg xmlns=\"http:\/\/www.w3.org\/2000\/svg\" id=\"Ebene_1\" viewbox=\"0 0 15 14.84\"><defs><style>.cls-1{stroke:#000;stroke-miterlimit:10;}<\/style><\/defs><g id=\"F_-_335_Add_new_plus\"><path class=\"cls-1\" d=\"m14.17,7.12h-6.4V.8c0-.16-.14-.3-.3-.3s-.3.14-.3.3v6.32H.8c-.16,0-.3.14-.3.3s.14.3.3.3h6.4v6.32c0,.16.14.3.3.3s.3-.14.3-.3v-6.35h6.4c.16,0,.3-.14.3-.3-.05-.16-.19-.28-.33-.28Z\"><\/path><\/g><\/svg><\/span>\n\t\t\t\t\t\t\t\t<span class=\"elementor-toggle-icon-opened\"><svg xmlns=\"http:\/\/www.w3.org\/2000\/svg\" id=\"Ebene_2\" viewbox=\"0 0 20 20\"><defs><style>.cls-1{stroke-width:0px;}<\/style><\/defs><g id=\"F_-_334_Minus_subtract\"><path class=\"cls-1\" d=\"m16.71,10.21H3.75c-.16,0-.29.12-.29.26s.14.26.29.26h12.95c.16,0,.29-.12.29-.26-.02-.16-.16-.26-.29-.26Z\"><\/path><\/g><\/svg><\/span>\n\t\t\t\t\t\t\t\t\t\t\t\t\t<\/span>\n\t\t\t\t\t\t\t\t\t\t\t\t<a class=\"elementor-toggle-title\" tabindex=\"0\">Wie viel Zeit nimmt Mediation in Anspruch?<\/a>\n\t\t\t\t\t<\/h3>\n\n\t\t\t\t\t<div id=\"elementor-tab-content-8993\" class=\"elementor-tab-content elementor-clearfix\" data-tab=\"3\" role=\"region\" aria-labelledby=\"elementor-tab-title-8993\"><p>Lorem ipsum dolor sit amet, consetetur sadipscing elitr, sed diam nonumy eirmod tempor invidunt ut labore et dolore magna aliquyam erat, sed diam voluptua. At vero eos et accusam et justo duo dolores et ea rebum. Stet clita kasd gubergren, no sea takimata sanctus est Lorem ipsum dolor sit amet. Lorem ipsum dolor sit amet, consetetur sadipscing elitr, sed diam nonumy eirmod tempor invidunt ut labore et dolore magna aliquyam erat, sed diam voluptua.<\/p><\/div>\n\t\t\t\t<\/div>\n\t\t\t\t\t\t\t<div class=\"elementor-toggle-item\">\n\t\t\t\t\t<h3 id=\"elementor-tab-title-8994\" class=\"elementor-tab-title\" data-tab=\"4\" role=\"button\" aria-controls=\"elementor-tab-content-8994\" aria-expanded=\"false\">\n\t\t\t\t\t\t\t\t\t\t\t\t<span class=\"elementor-toggle-icon elementor-toggle-icon-left\" aria-hidden=\"true\">\n\t\t\t\t\t\t\t\t\t\t\t\t\t\t\t<span class=\"elementor-toggle-icon-closed\"><svg xmlns=\"http:\/\/www.w3.org\/2000\/svg\" id=\"Ebene_1\" viewbox=\"0 0 15 14.84\"><defs><style>.cls-1{stroke:#000;stroke-miterlimit:10;}<\/style><\/defs><g id=\"F_-_335_Add_new_plus\"><path class=\"cls-1\" d=\"m14.17,7.12h-6.4V.8c0-.16-.14-.3-.3-.3s-.3.14-.3.3v6.32H.8c-.16,0-.3.14-.3.3s.14.3.3.3h6.4v6.32c0,.16.14.3.3.3s.3-.14.3-.3v-6.35h6.4c.16,0,.3-.14.3-.3-.05-.16-.19-.28-.33-.28Z\"><\/path><\/g><\/svg><\/span>\n\t\t\t\t\t\t\t\t<span class=\"elementor-toggle-icon-opened\"><svg xmlns=\"http:\/\/www.w3.org\/2000\/svg\" id=\"Ebene_2\" viewbox=\"0 0 20 20\"><defs><style>.cls-1{stroke-width:0px;}<\/style><\/defs><g id=\"F_-_334_Minus_subtract\"><path class=\"cls-1\" d=\"m16.71,10.21H3.75c-.16,0-.29.12-.29.26s.14.26.29.26h12.95c.16,0,.29-.12.29-.26-.02-.16-.16-.26-.29-.26Z\"><\/path><\/g><\/svg><\/span>\n\t\t\t\t\t\t\t\t\t\t\t\t\t<\/span>\n\t\t\t\t\t\t\t\t\t\t\t\t<a class=\"elementor-toggle-title\" tabindex=\"0\">Was kann Wirtschaftsmediation?<\/a>\n\t\t\t\t\t<\/h3>\n\n\t\t\t\t\t<div id=\"elementor-tab-content-8994\" class=\"elementor-tab-content elementor-clearfix\" data-tab=\"4\" role=\"region\" aria-labelledby=\"elementor-tab-title-8994\"><p>Lorem ipsum dolor sit amet, consetetur sadipscing elitr, sed diam nonumy eirmod tempor invidunt ut labore et dolore magna aliquyam erat, sed diam voluptua. At vero eos et accusam et justo duo dolores et ea rebum. Stet clita kasd gubergren, no sea takimata sanctus est Lorem ipsum dolor sit amet. Lorem ipsum dolor sit amet, consetetur sadipscing elitr, sed diam nonumy eirmod tempor invidunt ut labore et dolore magna aliquyam erat, sed diam voluptua.<\/p><\/div>\n\t\t\t\t<\/div>\n\t\t\t\t\t\t\t\t\t\t<script type=\"application\/ld+json\">{\n    \"@context\": \"https:\\\/\\\/schema.org\",\n    \"@type\": \"FAQPage\",\n    \"mainEntity\": [\n        {\n            \"@type\": \"Question\",\n            \"name\": \"Wann wird eine Mediation sinnvoll?\",\n            \"acceptedAnswer\": {\n                \"@type\": \"Answer\",\n                \"text\": \"<p>Au\\u00dfergerichtliche Streitbeilegung gewinnt in Deutschland zunehmend an Bedeutung. Doch wann ist eine Mediation sinnvoll? Grunds\\u00e4tzlich ist eine Mediation dann das geeignete Verfahren, wenn\\u00a0<strong>alle Konfliktparteien<\\\/strong>\\u00a0bereit sind, eine\\u00a0<strong>selbstbestimmte L\\u00f6sung<\\\/strong>\\u00a0ihres Konflikts mit unterst\\u00fctzender Hilfe eines Dritten zu suchen. Das ist insbesondere dann angezeigt, wenn die Parteien auch noch in Zukunft miteinander zu tun haben werden.<\\\/p>\"\n            }\n        },\n        {\n            \"@type\": \"Question\",\n            \"name\": \"F\\u00fcr wen ist Mediation geeignet?\",\n            \"acceptedAnswer\": {\n                \"@type\": \"Answer\",\n                \"text\": \"<p>Lorem ipsum dolor sit amet, consetetur sadipscing elitr, sed diam nonumy eirmod tempor invidunt ut labore et dolore magna aliquyam erat, sed diam voluptua. At vero eos et accusam et justo duo dolores et ea rebum. Stet clita kasd gubergren, no sea takimata sanctus est Lorem ipsum dolor sit amet. Lorem ipsum dolor sit amet, consetetur sadipscing elitr, sed diam nonumy eirmod tempor invidunt ut labore et dolore magna aliquyam erat, sed diam voluptua.<\\\/p>\"\n            }\n        },\n        {\n            \"@type\": \"Question\",\n            \"name\": \"Wie viel Zeit nimmt Mediation in Anspruch?\",\n            \"acceptedAnswer\": {\n                \"@type\": \"Answer\",\n                \"text\": \"<p>Lorem ipsum dolor sit amet, consetetur sadipscing elitr, sed diam nonumy eirmod tempor invidunt ut labore et dolore magna aliquyam erat, sed diam voluptua. At vero eos et accusam et justo duo dolores et ea rebum. Stet clita kasd gubergren, no sea takimata sanctus est Lorem ipsum dolor sit amet. Lorem ipsum dolor sit amet, consetetur sadipscing elitr, sed diam nonumy eirmod tempor invidunt ut labore et dolore magna aliquyam erat, sed diam voluptua.<\\\/p>\"\n            }\n        },\n        {\n            \"@type\": \"Question\",\n            \"name\": \"Was kann Wirtschaftsmediation?\",\n            \"acceptedAnswer\": {\n                \"@type\": \"Answer\",\n                \"text\": \"<p>Lorem ipsum dolor sit amet, consetetur sadipscing elitr, sed diam nonumy eirmod tempor invidunt ut labore et dolore magna aliquyam erat, sed diam voluptua. At vero eos et accusam et justo duo dolores et ea rebum. Stet clita kasd gubergren, no sea takimata sanctus est Lorem ipsum dolor sit amet. Lorem ipsum dolor sit amet, consetetur sadipscing elitr, sed diam nonumy eirmod tempor invidunt ut labore et dolore magna aliquyam erat, sed diam voluptua.<\\\/p>\"\n            }\n        }\n    ]\n}<\/script>\n\t\t\t\t\t<\/div>\n\t\t\t\t\t\t<\/div>\n\t\t\t\t\t<\/div>\n\t\t\t\t<\/div>\n\t\t\t\t<\/div>\n\t\t\t\t\t<\/div>\n\t\t\t\t<\/div>\n\t\t\t\t<\/div>","protected":false},"excerpt":{"rendered":"<p>Innovation Hier kommt der Titel f\u00fcr \u00dcbersicht Innovation Dies ist ein Beispieltext f\u00fcr Innovation: Lorem ipsum dolor sit amet, consectetur adipiscing elit, sed do eiusmod tempor incididunt ut labore et dolore magna aliqua. Pellentesque dignissim enim sit amet venenatis urna cursus eget nunc. Pretium vulputate sapien nec sagittis. Tincidunt arcu non sodales neque sodales ut&hellip;&nbsp;<a href=\"https:\/\/1acue.de\/en\/innovation\" rel=\"bookmark\">Read More &raquo;<span class=\"screen-reader-text\">Innovation-Consulting<\/span><\/a><\/p>","protected":false},"author":2,"featured_media":0,"parent":0,"menu_order":0,"comment_status":"closed","ping_status":"closed","template":"elementor_header_footer","meta":{"neve_meta_sidebar":"","neve_meta_container":"","neve_meta_enable_content_width":"","neve_meta_content_width":0,"neve_meta_title_alignment":"","neve_meta_author_avatar":"","neve_post_elements_order":"","neve_meta_disable_header":"","neve_meta_disable_footer":"","neve_meta_disable_title":"","footnotes":""},"class_list":["post-104","page","type-page","status-publish","hentry"],"_links":{"self":[{"href":"https:\/\/1acue.de\/en\/wp-json\/wp\/v2\/pages\/104","targetHints":{"allow":["GET"]}}],"collection":[{"href":"https:\/\/1acue.de\/en\/wp-json\/wp\/v2\/pages"}],"about":[{"href":"https:\/\/1acue.de\/en\/wp-json\/wp\/v2\/types\/page"}],"author":[{"embeddable":true,"href":"https:\/\/1acue.de\/en\/wp-json\/wp\/v2\/users\/2"}],"replies":[{"embeddable":true,"href":"https:\/\/1acue.de\/en\/wp-json\/wp\/v2\/comments?post=104"}],"version-history":[{"count":0,"href":"https:\/\/1acue.de\/en\/wp-json\/wp\/v2\/pages\/104\/revisions"}],"wp:attachment":[{"href":"https:\/\/1acue.de\/en\/wp-json\/wp\/v2\/media?parent=104"}],"curies":[{"name":"wp","href":"https:\/\/api.w.org\/{rel}","templated":true}]}}